{"id":216,"date":"2023-09-20T04:43:39","date_gmt":"2023-09-20T04:43:39","guid":{"rendered":"https:\/\/benzin.mx\/atencion\/?page_id=216"},"modified":"2023-09-20T04:48:59","modified_gmt":"2023-09-20T04:48:59","slug":"aviso-de-privacidad","status":"publish","type":"page","link":"https:\/\/benzin.mx\/atencion\/aviso-de-privacidad\/","title":{"rendered":"Aviso de privacidad"},"content":{"rendered":"<p>[et_pb_section fb_built=\u00bb1&#8243; theme_builder_area=\u00bbpost_content\u00bb _builder_version=\u00bb4.22.1&#8243; _module_preset=\u00bbdefault\u00bb][et_pb_row _builder_version=\u00bb4.22.1&#8243; _module_preset=\u00bbdefault\u00bb theme_builder_area=\u00bbpost_content\u00bb][et_pb_column _builder_version=\u00bb4.22.1&#8243; _module_preset=\u00bbdefault\u00bb type=\u00bb4_4&#8243; theme_builder_area=\u00bbpost_content\u00bb][et_pb_text _builder_version=\u00bb4.22.1&#8243; _module_preset=\u00bbdefault\u00bb theme_builder_area=\u00bbpost_content\u00bb text_font_size=\u00bb35px\u00bb text_font=\u00bb|700|||||||\u00bb global_colors_info=\u00bb{%22gcid-f4f1acd9-d8b2-401d-85cd-2f1b3bd8b450%22:%91%22text_text_color%22%93}\u00bb text_text_color=\u00bbgcid-f4f1acd9-d8b2-401d-85cd-2f1b3bd8b450&#8243; hover_enabled=\u00bb0&#8243; sticky_enabled=\u00bb0&#8243;]<\/p>\n<div class=\"et_pb_module et_pb_text et_pb_text_0  et_pb_text_align_center et_pb_bg_layout_light\">\n<div class=\"et_pb_text_inner\">\n<p>Aviso de privacidad<\/p>\n<\/div>\n<\/div>\n<div class=\"et_pb_module et_pb_text et_pb_text_1  et_pb_text_align_justified et_pb_bg_layout_light\"><\/div>\n<p>[\/et_pb_text][et_pb_text _builder_version=\u00bb4.22.1&#8243; _module_preset=\u00bbdefault\u00bb theme_builder_area=\u00bbpost_content\u00bb hover_enabled=\u00bb0&#8243; sticky_enabled=\u00bb0&#8243; global_colors_info=\u00bb{%22gcid-f4f1acd9-d8b2-401d-85cd-2f1b3bd8b450%22:%91%22text_text_color%22%93}\u00bb text_text_color=\u00bbgcid-f4f1acd9-d8b2-401d-85cd-2f1b3bd8b450&#8243;]<\/p>\n<p style=\"text-align: justify;\"><span style=\"font-weight: 400;\">Gracias por acceder al sitio propiedad de <\/span><b>Benzin Combustibles<\/b><span style=\"font-weight: 400;\">. Nos preocupamos por respetar los derechos de privacidad de nuestros clientes y visitantes, por lo que nos tomamos muy en serio el derecho de las personas para decidir el uso que se debe dar a sus datos personales, as\u00ed como su derecho a la privacidad.<\/span><\/p>\n<p style=\"text-align: justify;\"><span style=\"font-weight: 400;\">Este aviso de privacidad explica c\u00f3mo recopilamos el uso que se le da a informaci\u00f3n personal y, en determinadas condiciones, c\u00f3mo la divulgamos. Adem\u00e1s, explica los pasos que hemos tomado para proteger su informaci\u00f3n. Por \u00faltimo, detalla las opciones relativas a la recolecci\u00f3n, uso y divulgaci\u00f3n de sus datos al visitar el sitio directamente o a trav\u00e9s de otro. Usted acepta las pr\u00e1cticas descritas en este aviso.<\/span><\/p>\n<p style=\"text-align: justify;\"><span style=\"font-weight: 400;\">Esta pol\u00edtica de privacidad se aplica al sitio; no se aplica necesariamente a cualquier recolecci\u00f3n de su informaci\u00f3n personal fuera de l\u00ednea.<\/span><\/p>\n<p style=\"text-align: justify;\"><span style=\"font-weight: 400;\">Por favor, lea m\u00e1s abajo para conocer detalles espec\u00edficos.<\/span><\/p>\n<p style=\"text-align: justify;\"><span style=\"font-weight: 400;\">No somos responsables por el contenido o pr\u00e1cticas de privacidad de cualquier otro sitio web que no dependa de<\/span> <b>Benzin Combustibles<\/b><span style=\"font-weight: 400;\">, ni de cualquier otro sitio que enlace externamente con nuestro dominio.<\/span><\/p>\n<p style=\"text-align: justify;\"><b>Benzin Combustibles<\/b><span style=\"font-weight: 400;\"> y sus filiales o subsidiarias aplicar\u00e1n la siguiente pol\u00edtica sobre la gesti\u00f3n de los datos que proporcione, con sujeci\u00f3n a los t\u00e9rminos y condiciones siguientes:<\/span><\/p>\n<h4 style=\"text-align: justify;\"><b>INFORMACI\u00d3N QUE RECOLECTAMOS Y USAMOS<\/b><\/h4>\n<ol style=\"text-align: justify;\">\n<li><span style=\"font-weight: 400;\"> Recopilaci\u00f3n de informaci\u00f3n<\/span><\/li>\n<\/ol>\n<p style=\"text-align: justify;\"><span style=\"font-weight: 400;\">De acuerdo con lo Previsto en la Ley Federal de Protecci\u00f3n de Datos Personales, <\/span><b>Benzin Combustibles<\/b><span style=\"font-weight: 400;\"> declara ser una empresa legalmente constituida en <\/span><span style=\"font-weight: 400;\">Paseo de las Palmas No. 555, Piso 7, Col. Lomas de Chapultepec, C.P. 11000, Ciudad de M\u00e9xico<\/span><span style=\"font-weight: 400;\"> conformidad con las leyes mexicanas, en <\/span><span style=\"font-weight: 400;\">por confirmar <\/span><span style=\"font-weight: 400;\">responsable en el tratamiento de los datos personales de nuestros clientes. <\/span><b>Benzin Combustibles<\/b><span style=\"font-weight: 400;\"> hace de su conocimiento que la informaci\u00f3n de nuestros clientes es tratada de forma estrictamente confidencial, por lo que al proporcionar sus datos personales, como:<\/span><\/p>\n<ol style=\"text-align: justify;\">\n<li><span style=\"font-weight: 400;\"> Nombre completo.<\/span><\/li>\n<li><span style=\"font-weight: 400;\"> Direcci\u00f3n.<\/span><\/li>\n<li><span style=\"font-weight: 400;\"> Tel\u00e9fonos.<\/span><\/li>\n<li><span style=\"font-weight: 400;\"> Correo electr\u00f3nico; estos ser\u00e1n utilizados \u00fanica y exclusivamente para llevar a cabo los prop\u00f3sitos del negocio.<\/span><\/li>\n<\/ol>\n<p style=\"text-align: justify;\"><span style=\"font-weight: 400;\">En este sitio, nosotros recopilamos informaci\u00f3n sobre usted de diversas maneras. Uno de los objetivos en la recolecci\u00f3n de su informaci\u00f3n personal es ofrecerle una experiencia eficiente, significativa y personalizada. Por ejemplo, podemos utilizar su informaci\u00f3n personal para:<\/span><\/p>\n<ol style=\"text-align: justify;\">\n<li><span style=\"font-weight: 400;\"> Ayudar a que el sitio sea m\u00e1s f\u00e1cil para su uso al no tener que introducir la informaci\u00f3n m\u00e1s de una vez.<\/span><\/li>\n<li><span style=\"font-weight: 400;\"> Ayudarle a encontrar r\u00e1pidamente la informaci\u00f3n, productos y servicios.<\/span><\/li>\n<li><span style=\"font-weight: 400;\"> Ayudarnos a crear contenido que sea m\u00e1s relevante para usted.<\/span><\/li>\n<li><span style=\"font-weight: 400;\"> Alertar sobre nueva informaci\u00f3n, productos y servicios que ofrecemos.<\/span><\/li>\n<\/ol>\n<p style=\"text-align: justify;\"><b>(A) Registro:<\/b><span style=\"font-weight: 400;\"> Antes de usar ciertas partes del sitio, usted debe completar un formulario de inscripci\u00f3n en l\u00ednea. Durante el registro, se le pedir\u00e1 que nos proporcione cierta informaci\u00f3n personal, incluyendo su nombre, n\u00famero de tel\u00e9fono y direcci\u00f3n de correo electr\u00f3nico. Adem\u00e1s, tambi\u00e9n podremos solicitarle su pa\u00eds de residencia y\/o el pa\u00eds de operaci\u00f3n de su organizaci\u00f3n. Lo anterior para cumplir con las leyes y reglamentos aplicables. Este tipo de informaci\u00f3n personal se utiliza para fines de marketing interno.<\/span><\/p>\n<p style=\"text-align: justify;\"><b>(B) Direcciones de correo electr\u00f3nico:<\/b><span style=\"font-weight: 400;\"> Usamos esta informaci\u00f3n para notificar sobre promociones , ofertas, o anunciar nuevos productos.\u00a0<\/span><\/p>\n<p style=\"text-align: justify;\"><b>(C) Cookies y otras tecnolog\u00edas:<\/b><span style=\"font-weight: 400;\"> Al igual que muchos sitios, el nuestro utiliza cookies y <\/span><i><span style=\"font-weight: 400;\">web beacons<\/span><\/i><span style=\"font-weight: 400;\"> (tambi\u00e9n conocida como tecnolog\u00eda <\/span><i><span style=\"font-weight: 400;\">Clear GIF<\/span><\/i><span style=\"font-weight: 400;\"> o etiquetas de acci\u00f3n) para que el sitio reconozca a usted y sus privilegios de acceso. De esta manera, se agiliza la navegaci\u00f3n en el portal y su uso.<\/span><\/p>\n<ol style=\"text-align: justify;\">\n<li><span style=\"font-weight: 400;\"> Las cookies son peque\u00f1as piezas de informaci\u00f3n que se almacenan como archivos de texto en su navegador de internet dentro del disco duro de su ordenador. La mayor\u00eda de los navegadores est\u00e1n configurados para aceptar cookies; sin embargo, puede configurar su navegador para rechazar las cookies de sitios web o para eliminar las cookies de su disco duro. Si lo hace, usted no podr\u00e1 acceder o usar partes del sitio. Es necesario usar las cookies para que pueda seleccionar los productos, colocarlos en la cesta de compra en l\u00ednea y comprarlos. Si usted decide esto \u00faltimo, mantendremos un registro de su actividad de navegaci\u00f3n y compra. <\/span><b>LAS COOKIES DE NUESTRO SITIO NO PUEDEN INFILTRARSE EN EL DISCO DURO DEL USUARIO PARA OBTENER SU INFORMACI\u00d3N CONFIDENCIAL.<\/b><span style=\"font-weight: 400;\"> Nuestras cookies no son \u00abprogramas esp\u00eda\u00bb.<\/span><\/li>\n<\/ol>\n<p style=\"text-align: justify;\"><span style=\"font-weight: 400;\">\u00a0\u00a0\u00a0<\/span> <span style=\"font-weight: 400;\">1.1 Las <\/span><i><span style=\"font-weight: 400;\">web beacons<\/span><\/i><span style=\"font-weight: 400;\"> ayudan a entregar las cookies y nos permiten determinar si se visit\u00f3 una p\u00e1gina web en el sitio; en caso afirmativo, las <\/span><i><span style=\"font-weight: 400;\">web beacons<\/span><\/i><span style=\"font-weight: 400;\"> nos permiten consultar cu\u00e1ntas veces. Por ejemplo, cualquier imagen electr\u00f3nica en el sitio, como los banners, puede funcionar como un contador de visitantes.<\/span><\/p>\n<p style=\"text-align: justify;\"><span style=\"font-weight: 400;\">\u00a0\u00a0\u00a0\u00a0\u00a0\u00a0\u00a0<\/span> <span style=\"font-weight: 400;\">1.1.1 Podemos utilizar compa\u00f1\u00edas de publicidad de terceros para ayudar a adaptar el contenido del sitio a los usuarios o para publicar anuncios en nuestro nombre. Estas compa\u00f1\u00edas pueden emplear cookies y <\/span><i><span style=\"font-weight: 400;\">web beacons<\/span><\/i><span style=\"font-weight: 400;\"> para medir la efectividad de la publicidad (por ejemplo, cu\u00e1les p\u00e1ginas web son visitadas o cu\u00e1les productos se compran y en qu\u00e9 cantidad). Cualquier informaci\u00f3n que estos terceros recopilen a trav\u00e9s de cookies y <\/span><i><span style=\"font-weight: 400;\">web beacons<\/span><\/i><span style=\"font-weight: 400;\"> no est\u00e1 vinculada a ninguna informaci\u00f3n personal recopilada por nosotros.<\/span><\/p>\n<p style=\"text-align: justify;\"><b>(D) Los archivos de registro:<\/b><span style=\"font-weight: 400;\"> Como es el caso de la mayor\u00eda de los sitios web, el servidor del sitio reconoce autom\u00e1ticamente la direcci\u00f3n de internet desde la cual usted accede a la p\u00e1gina- El servidor tambi\u00e9n puede registrar su protocolo de internet (IP*), proveedor de servicios de internet y la fecha y hora para administraci\u00f3n del sistema, verificaci\u00f3n de la orden, marketing interno, as\u00ed como los prop\u00f3sitos de soluci\u00f3n de problemas.<\/span><\/p>\n<p style=\"text-align: justify;\"><span style=\"font-weight: 400;\">*Una direcci\u00f3n IP puede indicar la ubicaci\u00f3n de su ordenador en internet.<\/span><\/p>\n<p style=\"text-align: justify;\"><b>(E) Edad:<\/b><span style=\"font-weight: 400;\"> Nosotros respetamos la privacidad de los ni\u00f1os: no recolectamos informaci\u00f3n personal de menores de 18 a\u00f1os. En otras partes del sitio, usted ha establecido y asegurado que\u00a0 tiene 18 a\u00f1os de edad. Si es menor de 18 a\u00f1os, por favor, no env\u00ede ninguna informaci\u00f3n personal y use el sitio bajo la supervisi\u00f3n de un padre o tutor para ayudarle.<\/span><\/p>\n<p style=\"text-align: justify;\"><span style=\"font-weight: 400;\">Queremos ofrecerle un excelente servicio y una gran selecci\u00f3n de productos. Nosotros no vendemos, alquilamos, comerciamos, licenciamos ni divulgamos su informaci\u00f3n personal o informaci\u00f3n financiera a nadie m\u00e1s que a los afiliados bajo el control de <\/span><b>Benzin Combustibles<\/b><span style=\"font-weight: 400;\">, <\/span><span style=\"font-weight: 400;\">excepto que:<\/span><\/p>\n<ol style=\"text-align: justify;\">\n<li><span style=\"font-weight: 400;\"> Al igual que la mayor\u00eda de los minoristas de internet, en ocasiones empleamos a terceros para realizar funciones espec\u00edficas a nuestro nombre. Al momento de revelar la informaci\u00f3n a estos proveedores de servicios, damos a conocer la informaci\u00f3n que les ayude a realizar su servicio.<\/span><\/li>\n<\/ol>\n<p style=\"text-align: justify;\"><span style=\"font-weight: 400;\">1.1 Nosotros podremos revelar esa informaci\u00f3n en respuesta a las peticiones de los agentes del orden p\u00fablico que realicen investigaciones, citaciones judiciales, que cuenten con una orden judicial, o si somos requeridos a divulgar dicha informaci\u00f3n por ley. Tambi\u00e9n podremos dar a conocer informaci\u00f3n personal cuya divulgaci\u00f3n sea necesaria para proteger nuestros derechos legales, hacer cumplir nuestros T\u00e9rminos y Condiciones de Uso u otros acuerdos, o para protegernos a nosotros mismos o a los dem\u00e1s. Por ejemplo, podemos compartir informaci\u00f3n para reducir el riesgo de fraude o si alguien utiliza o intenta utilizar el sitio por razones ilegales o para cometer fraude.<\/span><\/p>\n<ol start=\"3\" style=\"text-align: justify;\">\n<li><span style=\"font-weight: 400;\"> Seguridad de los datos<\/span><\/li>\n<\/ol>\n<p style=\"text-align: justify;\"><span style=\"font-weight: 400;\">El sitio incorpora procedimientos f\u00edsicos, electr\u00f3nicos y administrativos para salvaguardar la confidencialidad de su informaci\u00f3n personal, incluyendo Secure Sockets Layer (SSL) para todas las transacciones financieras a trav\u00e9s del sitio. Empleamos el m\u00e9todo de cifrado SSL para proteger su informaci\u00f3n personal en l\u00ednea, y tambi\u00e9n tomamos varias medidas para proteger su informaci\u00f3n personal en nuestras instalaciones. El acceso a su informaci\u00f3n personal est\u00e1 restringido. S\u00f3lo los empleados que necesitan acceder a su informaci\u00f3n personal para realizar una tarea espec\u00edfica tienen acceso a su informaci\u00f3n personal. Por \u00faltimo, contamos con terceros proveedores de servicios para la seguridad f\u00edsica de algunos de nuestros equipos inform\u00e1ticos. Confiamos en que nuestros procedimientos de seguridad son adecuados.<\/span><\/p>\n<p style=\"text-align: justify;\"><span style=\"font-weight: 400;\">Por ejemplo, cuando usted visita el sitio, accede a servidores que se mantienen en un entorno f\u00edsico seguro, detr\u00e1s de un servidor de seguridad electr\u00f3nica.<\/span><\/p>\n<p style=\"text-align: justify;\"><span style=\"font-weight: 400;\">A pesar de que empleamos las precauciones est\u00e1ndar de la industria para proteger su informaci\u00f3n personal, no podemos garantizar una seguridad total. La seguridad completa al 100% no existe en la actualidad en ning\u00fan lugar ya sea en l\u00ednea o sin conexi\u00f3n.<\/span><\/p>\n<ol start=\"4\" style=\"text-align: justify;\">\n<li><span style=\"font-weight: 400;\"> Correcciones<\/span><\/li>\n<\/ol>\n<p style=\"text-align: justify;\"><span style=\"font-weight: 400;\">\u00a0A solicitud suya, nosotros podremos:<\/span><\/p>\n<p style=\"text-align: justify;\"><span style=\"font-weight: 400;\">1) Corregir o actualizar su informaci\u00f3n personal.<\/span><\/p>\n<p style=\"text-align: justify;\"><span style=\"font-weight: 400;\">2) Dejar de enviar correos electr\u00f3nicos a su direcci\u00f3n de correo electr\u00f3nico o mensajes de texto a su celular.<\/span><\/p>\n<p style=\"text-align: justify;\"><span style=\"font-weight: 400;\">3) Desactivar su cuenta para impedir la realizaci\u00f3n de futuras compras a trav\u00e9s de esa cuenta.<\/span><\/p>\n<p style=\"text-align: justify;\"><span style=\"font-weight: 400;\">Usted puede hacer estas peticiones a trav\u00e9s del siguiente correo: <\/span><a href=\"mailto:contacto@benzin.mx\" style=\"color:#484749\"><b>contacto@benzin.mx<\/b><\/a> <span style=\"font-weight: 400;\">Por favor, no env\u00ede su n\u00famero de tarjeta de cr\u00e9dito ni otra informaci\u00f3n confidencial.<\/span><\/p>\n<p style=\"text-align: justify;\"><span style=\"font-weight: 400;\">Todos sus datos personales son tratados de acuerdo con la legislaci\u00f3n aplicable y vigente en el pa\u00eds; por ello, le informamos que usted tiene en todo momento los derechos (<\/span><b>Benzin Combustibles<\/b><span style=\"font-weight: 400;\">) de acceder, rectificar, cancelar u oponerse al tratamiento que le damos a sus datos personales, derechos que podr\u00e1 hacer valer a trav\u00e9s del \u00c1rea de Privacidad encargada de la seguridad de datos personales al tel\u00e9fono <\/span><a href=\"tel:5541636518\" style=\"color:#484749\"><b>554 163 6518<\/b><\/a><span style=\"font-weight: 400;\"> o por medio de nuestro correo electr\u00f3nico, <a href=\"mailto:contacto@benzin.mx\" style=\"color:#484749\"><b>contacto@benzin.mx<\/b><\/a><\/span><\/p>\n<p style=\"text-align: justify;\"><span style=\"font-weight: 400;\">A trav\u00e9s de estos canales, usted podr\u00e1 actualizar sus datos y especificar el medio por el cual desea recibir informaci\u00f3n. En caso de no contar con estas referencias, <\/span><b>Benzin Combustibles<\/b><span style=\"font-weight: 400;\"> establecer\u00e1 libremente el canal que considere pertinente para enviarle informaci\u00f3n.<\/span><\/p>\n<ol start=\"5\" style=\"text-align: justify;\">\n<li><span style=\"font-weight: 400;\"> Actualizaci\u00f3n de esta pol\u00edtica<\/span><\/li>\n<\/ol>\n<p style=\"text-align: justify;\"><span style=\"font-weight: 400;\">Si nosotros cambiamos o actualizamos esta pol\u00edtica de privacidad, publicaremos los cambios y actualizaciones en el sitio para que usted siempre est\u00e9 al tanto de la informaci\u00f3n que recopilamos, utilizamos y divulgamos. Le recomendamos que revise esta pol\u00edtica de privacidad de vez en cuando para saber si ha sido modificada o actualizada. Si usted tiene alguna pregunta acerca de la pol\u00edtica de privacidad, por favor cont\u00e1ctese con nosotros en: <a href=\"mailto:contacto@benzin.mx\" style=\"color:#484749\"><b>contacto@benzin.mx<\/b><\/a><\/span><\/p>\n<p>[\/et_pb_text][\/et_pb_column][\/et_pb_row][\/et_pb_section]<\/p>\n","protected":false},"excerpt":{"rendered":"<p>Aviso de privacidad Gracias por acceder al sitio propiedad de Benzin Combustibles. Nos preocupamos por respetar los derechos de privacidad de nuestros clientes y visitantes, por lo que nos tomamos muy en serio el derecho de las personas para decidir el uso que se debe dar a sus datos personales, as\u00ed como su derecho a [&hellip;]<\/p>\n","protected":false},"author":1,"featured_media":0,"parent":0,"menu_order":0,"comment_status":"closed","ping_status":"closed","template":"","meta":{"_et_pb_use_builder":"on","_et_pb_old_content":"","_et_gb_content_width":"","footnotes":""},"class_list":["post-216","page","type-page","status-publish","hentry"],"_links":{"self":[{"href":"https:\/\/benzin.mx\/atencion\/wp-json\/wp\/v2\/pages\/216","targetHints":{"allow":["GET"]}}],"collection":[{"href":"https:\/\/benzin.mx\/atencion\/wp-json\/wp\/v2\/pages"}],"about":[{"href":"https:\/\/benzin.mx\/atencion\/wp-json\/wp\/v2\/types\/page"}],"author":[{"embeddable":true,"href":"https:\/\/benzin.mx\/atencion\/wp-json\/wp\/v2\/users\/1"}],"replies":[{"embeddable":true,"href":"https:\/\/benzin.mx\/atencion\/wp-json\/wp\/v2\/comments?post=216"}],"version-history":[{"count":5,"href":"https:\/\/benzin.mx\/atencion\/wp-json\/wp\/v2\/pages\/216\/revisions"}],"predecessor-version":[{"id":222,"href":"https:\/\/benzin.mx\/atencion\/wp-json\/wp\/v2\/pages\/216\/revisions\/222"}],"wp:attachment":[{"href":"https:\/\/benzin.mx\/atencion\/wp-json\/wp\/v2\/media?parent=216"}],"curies":[{"name":"wp","href":"https:\/\/api.w.org\/{rel}","templated":true}]}}